{"id":973,"date":"2025-11-11T16:27:06","date_gmt":"2025-11-11T14:27:06","guid":{"rendered":"http:\/\/fundacionsferrer.awspreferrer.com\/?page_id=973"},"modified":"2026-04-09T10:21:52","modified_gmt":"2026-04-09T08:21:52","slug":"fundacion-ferrer-de-musica","status":"publish","type":"page","link":"https:\/\/fundacionsferrer.awspreferrer.com\/es\/fundacio-ferrer-de-musica\/","title":{"rendered":"Fundaci\u00f3 Ferrer de M\u00fasica"},"content":{"rendered":"<p>Promovemos el acceso a la m\u00fasica y la dedicaci\u00f3n a ella a trav\u00e9s de proyectos de excelencia musical e integraci\u00f3n social. Entendemos la m\u00fasica como un bien colectivo con valor transformador y, desde esta convicci\u00f3n, fomentamos el talento y llevamos esta expresi\u00f3n art\u00edstica a las comunidades vulnerables. Por eso, cada a\u00f1o concedemos premios y becas que facilitan el aprendizaje y la dedicaci\u00f3n profesional a la m\u00fasica, al tiempo que hacemos posibles proyectos educativos que, con la m\u00fasica como eje central, permiten el desarrollo de habilidades y competencias como la autoestima, la colaboraci\u00f3n, la disciplina y el compromiso en centros escolares con contextos de exclusi\u00f3n social.<\/p>\n<p>En este sentido, tambi\u00e9n promovemos la investigaci\u00f3n sobre la relaci\u00f3n entre el aprendizaje musical y el desarrollo cognitivo, emocional y social a trav\u00e9s de un proyecto destinado al diagn\u00f3stico y tratamiento de ni\u00f1os con trastornos del desarrollo neurol\u00f3gico.<\/p>","protected":false},"excerpt":{"rendered":"<p>Promovem l\u2019acc\u00e9s i la dedicaci\u00f3 a la m\u00fasica a trav\u00e9s de projectes d\u2019excel\u00b7l\u00e8ncia musical i integraci\u00f3 social. Entenem la m\u00fasica com un b\u00e9 col\u00b7lectiu amb valor transformador i, des d\u2019aquesta convicci\u00f3, promovem el talent i fem present aquesta expressi\u00f3 art\u00edstica en entorns de vulnerabilitat. Per aix\u00f2 convoquem anualment premis i beques que faciliten l\u2019aprenentatge i [&hellip;]<\/p>\n","protected":false},"author":6,"featured_media":0,"parent":0,"menu_order":0,"comment_status":"closed","ping_status":"closed","template":"page-fundacions.php","meta":{"_acf_changed":false,"footnotes":""},"class_list":["post-973","page","type-page","status-publish","hentry"],"acf":[],"_links":{"self":[{"href":"https:\/\/fundacionsferrer.awspreferrer.com\/es\/wp-json\/wp\/v2\/pages\/973","targetHints":{"allow":["GET"]}}],"collection":[{"href":"https:\/\/fundacionsferrer.awspreferrer.com\/es\/wp-json\/wp\/v2\/pages"}],"about":[{"href":"https:\/\/fundacionsferrer.awspreferrer.com\/es\/wp-json\/wp\/v2\/types\/page"}],"author":[{"embeddable":true,"href":"https:\/\/fundacionsferrer.awspreferrer.com\/es\/wp-json\/wp\/v2\/users\/6"}],"replies":[{"embeddable":true,"href":"https:\/\/fundacionsferrer.awspreferrer.com\/es\/wp-json\/wp\/v2\/comments?post=973"}],"version-history":[{"count":18,"href":"https:\/\/fundacionsferrer.awspreferrer.com\/es\/wp-json\/wp\/v2\/pages\/973\/revisions"}],"predecessor-version":[{"id":1278,"href":"https:\/\/fundacionsferrer.awspreferrer.com\/es\/wp-json\/wp\/v2\/pages\/973\/revisions\/1278"}],"wp:attachment":[{"href":"https:\/\/fundacionsferrer.awspreferrer.com\/es\/wp-json\/wp\/v2\/media?parent=973"}],"curies":[{"name":"wp","href":"https:\/\/api.w.org\/{rel}","templated":true}]}}