{"id":952,"date":"2025-11-11T16:14:09","date_gmt":"2025-11-11T14:14:09","guid":{"rendered":"http:\/\/fundacionsferrer.awspreferrer.com\/?page_id=952"},"modified":"2026-04-09T09:59:17","modified_gmt":"2026-04-09T07:59:17","slug":"fundacion-ferrer-justicia-social","status":"publish","type":"page","link":"https:\/\/fundacionsferrer.awspreferrer.com\/es\/fundacio-ferrer-social-justice\/","title":{"rendered":"Fundaci\u00f3 Ferrer Social Justice"},"content":{"rendered":"<p><span lang=\"CA\">La Fundaci\u00f3n Ferrer para la Justicia Social se centra en acompa\u00f1ar y apoyar a los colectivos que se encuentran en situaciones de especial vulnerabilidad. Promueve iniciativas no asistencialistas que contrarrestan las carencias en \u00e1mbitos como la seguridad alimentaria, al tiempo que trabaja para sensibilizar y movilizar a la ciudadan\u00eda contra las violaciones de los derechos y libertades fundamentales, y para influir en los agentes del cambio para que act\u00faen de manera coordinada contra la desigualdad y a favor de la justicia social global.<\/span><\/p>","protected":false},"excerpt":{"rendered":"<p>La Fundaci\u00f3 Ferrer Social Justice se centra en l\u2019acompanyament i recolzament a col\u00b7lectius en situaci\u00f3 d\u2019especial vulnerabilitat. Impulsa iniciatives no assistencials que contraresten mancances en \u00e0mbits com la salut aliment\u00e0ria alhora que treballa per promoure la consci\u00e8ncia i mobilitzaci\u00f3 ciutadana enfront de la violaci\u00f3 de drets i llibertats fonamentals alhora que influir en agents de [&hellip;]<\/p>\n","protected":false},"author":6,"featured_media":0,"parent":0,"menu_order":0,"comment_status":"closed","ping_status":"closed","template":"page-fundacions.php","meta":{"_acf_changed":false,"footnotes":""},"class_list":["post-952","page","type-page","status-publish","hentry"],"acf":[],"_links":{"self":[{"href":"https:\/\/fundacionsferrer.awspreferrer.com\/es\/wp-json\/wp\/v2\/pages\/952","targetHints":{"allow":["GET"]}}],"collection":[{"href":"https:\/\/fundacionsferrer.awspreferrer.com\/es\/wp-json\/wp\/v2\/pages"}],"about":[{"href":"https:\/\/fundacionsferrer.awspreferrer.com\/es\/wp-json\/wp\/v2\/types\/page"}],"author":[{"embeddable":true,"href":"https:\/\/fundacionsferrer.awspreferrer.com\/es\/wp-json\/wp\/v2\/users\/6"}],"replies":[{"embeddable":true,"href":"https:\/\/fundacionsferrer.awspreferrer.com\/es\/wp-json\/wp\/v2\/comments?post=952"}],"version-history":[{"count":20,"href":"https:\/\/fundacionsferrer.awspreferrer.com\/es\/wp-json\/wp\/v2\/pages\/952\/revisions"}],"predecessor-version":[{"id":1277,"href":"https:\/\/fundacionsferrer.awspreferrer.com\/es\/wp-json\/wp\/v2\/pages\/952\/revisions\/1277"}],"wp:attachment":[{"href":"https:\/\/fundacionsferrer.awspreferrer.com\/es\/wp-json\/wp\/v2\/media?parent=952"}],"curies":[{"name":"wp","href":"https:\/\/api.w.org\/{rel}","templated":true}]}}