{"id":733,"date":"2025-10-30T12:08:35","date_gmt":"2025-10-30T10:08:35","guid":{"rendered":"http:\/\/fundacionsferrer.awspreferrer.com\/?page_id=733"},"modified":"2026-04-09T10:36:59","modified_gmt":"2026-04-09T08:36:59","slug":"fundaciones-ferrer","status":"publish","type":"page","link":"https:\/\/fundacionsferrer.awspreferrer.com\/es\/fundacions-ferrer\/","title":{"rendered":"Fundacions Ferrer"},"content":{"rendered":"<p style=\"font-weight: 400;\">Las <strong>Fundacions Ferrer<\/strong> <strong>Somos cinco organizaciones que promovemos la socializaci\u00f3n de la riqueza<\/strong>, con el objetivo de devolverla a donde corresponde: al tejido social que ha permitido generarla. Trabajamos por la <strong>justicia ecosocial<\/strong>, a trav\u00e9s de proyectos que faciliten la igualdad de oportunidades e impulsen la creaci\u00f3n, el conocimiento y el pensamiento cr\u00edtico desde \u00e1mbitos como la agricultura, la m\u00fasica, la literatura, la educaci\u00f3n, los derechos humanos y el deporte.<\/p>\n<p style=\"font-weight: 400;\">Las Fundaciones Ferrer nacen del firme compromiso de la farmac\u00e9utica <strong>Ferrer, compa\u00f1ia B Corp que tiene como prop\u00f3sito utilizar su negocio para luchar por la justicia social<\/strong> destina, cada a\u00f1o, en torno al 50% de sus beneficios a causas sociales y ambientales. El esfuerzo e implicaci\u00f3n de las 1.800 personas de Ferrer hacen posible la labor de las Fundaciones Ferrer.<\/p>","protected":false},"excerpt":{"rendered":"<p>Les Fundacions Ferrer som cinc organitzacions que promovem la socialitzaci\u00f3 de la riquesa, amb l\u2019objectiu de retornar-la all\u00e0 on correspon: el teixit social que ha perm\u00e8s generar-la. Treballem per la just\u00edcia ecosocial, a trav\u00e9s de projectes que faciliten la igualtat d\u2019oportunitats i impulsen la creaci\u00f3, el coneixement i el pensament cr\u00edtic des d\u2019\u00e0mbits com l&#8217;agricultura, [&hellip;]<\/p>\n","protected":false},"author":6,"featured_media":0,"parent":0,"menu_order":0,"comment_status":"closed","ping_status":"closed","template":"page-nosaltres.php","meta":{"_acf_changed":false,"footnotes":""},"class_list":["post-733","page","type-page","status-publish","hentry"],"acf":[],"_links":{"self":[{"href":"https:\/\/fundacionsferrer.awspreferrer.com\/es\/wp-json\/wp\/v2\/pages\/733","targetHints":{"allow":["GET"]}}],"collection":[{"href":"https:\/\/fundacionsferrer.awspreferrer.com\/es\/wp-json\/wp\/v2\/pages"}],"about":[{"href":"https:\/\/fundacionsferrer.awspreferrer.com\/es\/wp-json\/wp\/v2\/types\/page"}],"author":[{"embeddable":true,"href":"https:\/\/fundacionsferrer.awspreferrer.com\/es\/wp-json\/wp\/v2\/users\/6"}],"replies":[{"embeddable":true,"href":"https:\/\/fundacionsferrer.awspreferrer.com\/es\/wp-json\/wp\/v2\/comments?post=733"}],"version-history":[{"count":88,"href":"https:\/\/fundacionsferrer.awspreferrer.com\/es\/wp-json\/wp\/v2\/pages\/733\/revisions"}],"predecessor-version":[{"id":1283,"href":"https:\/\/fundacionsferrer.awspreferrer.com\/es\/wp-json\/wp\/v2\/pages\/733\/revisions\/1283"}],"wp:attachment":[{"href":"https:\/\/fundacionsferrer.awspreferrer.com\/es\/wp-json\/wp\/v2\/media?parent=733"}],"curies":[{"name":"wp","href":"https:\/\/api.w.org\/{rel}","templated":true}]}}