{"id":681,"date":"2025-10-27T11:04:27","date_gmt":"2025-10-27T09:04:27","guid":{"rendered":"http:\/\/fundacionsferrer.awspreferrer.com\/?page_id=681"},"modified":"2026-04-09T10:23:51","modified_gmt":"2026-04-09T08:23:51","slug":"ventanas-de-cimentacion","status":"publish","type":"page","link":"https:\/\/fundacionsferrer.awspreferrer.com\/es\/fundacio-finestres\/","title":{"rendered":"Fundaci\u00f3 Finestres"},"content":{"rendered":"<p>La<strong> Fundaci\u00f3 Finestres<\/strong> Es un ecosistema cultural \u00fanico que impulsa la cultura literaria y el recorrido a lo largo del camino del libro: desde la inspiraci\u00f3n y la creaci\u00f3n hasta la edici\u00f3n, la difusi\u00f3n y la lectura compartida. Con el objetivo de promover la cultura literaria \u2014desde el convencimiento de que es una poderosa herramienta para generar conocimiento, conciencia y pensamiento cr\u00edtico ante el convulso mundo en el que vivimos\u2014, la Fundaci\u00f3n pone un \u00e9nfasis especial en la narrativa, el ensayo y el c\u00f3mic, y se implica activamente en toda la cadena de valor que rodea al libro: fomenta la lectura, convoca premios y becas, apoya iniciativas independientes, ofrece espacios de creaci\u00f3n y forma parte del tejido editorial.<\/p>","protected":false},"excerpt":{"rendered":"<p>La Fundaci\u00f3 Finestres \u00e9s un ecosistema cultural \u00fanic que impulsa la cultura liter\u00e0ria i el recorrent tot el cam\u00ed del llibre: des de la inspiraci\u00f3 i la creaci\u00f3 fins a l\u2019edici\u00f3, la difusi\u00f3 i la lectura compartida. Amb l\u2019objectiu de promoure la cultura liter\u00e0ria \u2014des del convenciment que \u00e9s una poderosa eina per generar coneixement, [&hellip;]<\/p>\n","protected":false},"author":6,"featured_media":0,"parent":0,"menu_order":0,"comment_status":"closed","ping_status":"closed","template":"page-fundacions.php","meta":{"_acf_changed":false,"footnotes":""},"class_list":["post-681","page","type-page","status-publish","hentry"],"acf":[],"_links":{"self":[{"href":"https:\/\/fundacionsferrer.awspreferrer.com\/es\/wp-json\/wp\/v2\/pages\/681","targetHints":{"allow":["GET"]}}],"collection":[{"href":"https:\/\/fundacionsferrer.awspreferrer.com\/es\/wp-json\/wp\/v2\/pages"}],"about":[{"href":"https:\/\/fundacionsferrer.awspreferrer.com\/es\/wp-json\/wp\/v2\/types\/page"}],"author":[{"embeddable":true,"href":"https:\/\/fundacionsferrer.awspreferrer.com\/es\/wp-json\/wp\/v2\/users\/6"}],"replies":[{"embeddable":true,"href":"https:\/\/fundacionsferrer.awspreferrer.com\/es\/wp-json\/wp\/v2\/comments?post=681"}],"version-history":[{"count":36,"href":"https:\/\/fundacionsferrer.awspreferrer.com\/es\/wp-json\/wp\/v2\/pages\/681\/revisions"}],"predecessor-version":[{"id":1281,"href":"https:\/\/fundacionsferrer.awspreferrer.com\/es\/wp-json\/wp\/v2\/pages\/681\/revisions\/1281"}],"wp:attachment":[{"href":"https:\/\/fundacionsferrer.awspreferrer.com\/es\/wp-json\/wp\/v2\/media?parent=681"}],"curies":[{"name":"wp","href":"https:\/\/api.w.org\/{rel}","templated":true}]}}