{"id":654,"date":"2025-09-26T09:21:07","date_gmt":"2025-09-26T07:21:07","guid":{"rendered":"http:\/\/fundacionsferrer.awspreferrer.com\/?page_id=654"},"modified":"2026-04-09T10:44:03","modified_gmt":"2026-04-09T08:44:03","slug":"inici","status":"publish","type":"page","link":"https:\/\/fundacionsferrer.awspreferrer.com\/es\/","title":{"rendered":"Inicio"},"content":{"rendered":"<p>Somos cinco fundaciones trabajando con un mismo objetivo:<strong> promover la justicia ecosocial.<\/strong> Nuestro fundamento principal radica en devolver la riqueza all\u00ed donde pertenece: el tejido social que ha permitido generarla. Lo hacemos fomentando el conocimiento, el pensamiento cr\u00edtico y generando nuevas oportunidades que permitan avanzar hacia un escenario de futuro m\u00e1s equitativo e inclusivo, concretamente desde los \u00e1mbitos de la agricultura, la literatura, la m\u00fasica, la educaci\u00f3n, los derechos humanos y el deporte.<\/p>\n<p>Nacemos de Ferrer, una compa\u00f1\u00eda B Corp que entiende que la empresa debe ser parte de la soluci\u00f3n, y que destina cada a\u00f1o cerca del <strong>50% de sus beneficios<\/strong> a causas sociales y ambientales, gracias al impulso de sus 1.800 personas.<\/p>\n<p data-start=\"112\" data-end=\"380\">","protected":false},"excerpt":{"rendered":"<p>Som cinc fundacions treballant amb un mateix objectiu: promoure la just\u00edcia ecosocial. El nostre fonament principal recau en retornar la riquesa all\u00e0 on pertany: el teixit social que ha perm\u00e8s generar-la. Ho fem fomentant el coneixement, el pensament cr\u00edtic i generant noves oportunitats que permetin avan\u00e7ar cap a un escenari de futur m\u00e9s equitatiu i [&hellip;]<\/p>\n","protected":false},"author":6,"featured_media":0,"parent":0,"menu_order":0,"comment_status":"closed","ping_status":"closed","template":"","meta":{"_acf_changed":false,"footnotes":""},"class_list":["post-654","page","type-page","status-publish","hentry"],"acf":[],"_links":{"self":[{"href":"https:\/\/fundacionsferrer.awspreferrer.com\/es\/wp-json\/wp\/v2\/pages\/654","targetHints":{"allow":["GET"]}}],"collection":[{"href":"https:\/\/fundacionsferrer.awspreferrer.com\/es\/wp-json\/wp\/v2\/pages"}],"about":[{"href":"https:\/\/fundacionsferrer.awspreferrer.com\/es\/wp-json\/wp\/v2\/types\/page"}],"author":[{"embeddable":true,"href":"https:\/\/fundacionsferrer.awspreferrer.com\/es\/wp-json\/wp\/v2\/users\/6"}],"replies":[{"embeddable":true,"href":"https:\/\/fundacionsferrer.awspreferrer.com\/es\/wp-json\/wp\/v2\/comments?post=654"}],"version-history":[{"count":24,"href":"https:\/\/fundacionsferrer.awspreferrer.com\/es\/wp-json\/wp\/v2\/pages\/654\/revisions"}],"predecessor-version":[{"id":1285,"href":"https:\/\/fundacionsferrer.awspreferrer.com\/es\/wp-json\/wp\/v2\/pages\/654\/revisions\/1285"}],"wp:attachment":[{"href":"https:\/\/fundacionsferrer.awspreferrer.com\/es\/wp-json\/wp\/v2\/media?parent=654"}],"curies":[{"name":"wp","href":"https:\/\/api.w.org\/{rel}","templated":true}]}}