{"id":991,"date":"2025-11-11T16:43:13","date_gmt":"2025-11-11T14:43:13","guid":{"rendered":"http:\/\/fundacionsferrer.awspreferrer.com\/?page_id=991"},"modified":"2026-04-09T10:23:27","modified_gmt":"2026-04-09T08:23:27","slug":"fundacio-ferrer-talent","status":"publish","type":"page","link":"https:\/\/fundacionsferrer.awspreferrer.com\/en\/fundacio-ferrer-talent\/","title":{"rendered":"Fundaci\u00f3 Ferrer Talent"},"content":{"rendered":"<p data-start=\"0\" data-end=\"307\">The <strong data-start=\"3\" data-end=\"29\">Fundaci\u00f3 Ferrer Talent<\/strong> neix de la voluntat de formar i acompanyar les noves generacions d\u2019esportistes d\u2019alt nivell perqu\u00e8 esdevinguin referents i inspiraci\u00f3 col\u00b7lectiva pel seu comprom\u00eds i implicaci\u00f3 en la lluita per la just\u00edcia ecosocial, a trav\u00e9s del projecte <strong data-start=\"269\" data-end=\"304\">Tennis Empowerment Center (TEC)<\/strong>, un centre d\u2019alt rendiment amb un projecte \u00fanic a Europa, on la promoci\u00f3 de l\u2019esport va lligada a un objectiu de transformaci\u00f3 personal amb vocaci\u00f3 d\u2019arribar al conjunt de la societat.<\/p>","protected":false},"excerpt":{"rendered":"<p>La Fundaci\u00f3 Ferrer Talent neix de la voluntat de formar i acompanyar les noves generacions d\u2019esportistes d\u2019alt nivell perqu\u00e8 esdevinguin referents i inspiraci\u00f3 col\u00b7lectiva pel seu comprom\u00eds i implicaci\u00f3 en la lluita per la just\u00edcia ecosocial, a trav\u00e9s del projecte Tennis Empowerment Center (TEC), un centre d\u2019alt rendiment amb un projecte \u00fanic a Europa, on [&hellip;]<\/p>\n","protected":false},"author":6,"featured_media":0,"parent":0,"menu_order":0,"comment_status":"closed","ping_status":"closed","template":"page-fundacions.php","meta":{"_acf_changed":false,"footnotes":""},"class_list":["post-991","page","type-page","status-publish","hentry"],"acf":[],"_links":{"self":[{"href":"https:\/\/fundacionsferrer.awspreferrer.com\/en\/wp-json\/wp\/v2\/pages\/991","targetHints":{"allow":["GET"]}}],"collection":[{"href":"https:\/\/fundacionsferrer.awspreferrer.com\/en\/wp-json\/wp\/v2\/pages"}],"about":[{"href":"https:\/\/fundacionsferrer.awspreferrer.com\/en\/wp-json\/wp\/v2\/types\/page"}],"author":[{"embeddable":true,"href":"https:\/\/fundacionsferrer.awspreferrer.com\/en\/wp-json\/wp\/v2\/users\/6"}],"replies":[{"embeddable":true,"href":"https:\/\/fundacionsferrer.awspreferrer.com\/en\/wp-json\/wp\/v2\/comments?post=991"}],"version-history":[{"count":15,"href":"https:\/\/fundacionsferrer.awspreferrer.com\/en\/wp-json\/wp\/v2\/pages\/991\/revisions"}],"predecessor-version":[{"id":1280,"href":"https:\/\/fundacionsferrer.awspreferrer.com\/en\/wp-json\/wp\/v2\/pages\/991\/revisions\/1280"}],"wp:attachment":[{"href":"https:\/\/fundacionsferrer.awspreferrer.com\/en\/wp-json\/wp\/v2\/media?parent=991"}],"curies":[{"name":"wp","href":"https:\/\/api.w.org\/{rel}","templated":true}]}}