{"id":865,"date":"2025-11-06T16:22:53","date_gmt":"2025-11-06T14:22:53","guid":{"rendered":"http:\/\/fundacionsferrer.awspreferrer.com\/?page_id=865"},"modified":"2025-12-18T12:13:58","modified_gmt":"2025-12-18T10:13:58","slug":"contactar","status":"publish","type":"page","link":"https:\/\/fundacionsferrer.awspreferrer.com\/en\/contactar\/","title":{"rendered":"Contact"},"content":{"rendered":"<p>Estem aqu\u00ed per ajudar-te. Si tens dubtes, vols m\u00e9s informaci\u00f3 o necessites orientaci\u00f3 sobre els nostres projectes, omple el formulari i et respondrem al m\u00e9s aviat possible.<\/p>","protected":false},"excerpt":{"rendered":"<p>Estem aqu\u00ed per ajudar-te. Si tens dubtes, vols m\u00e9s informaci\u00f3 o necessites orientaci\u00f3 sobre els nostres projectes, omple el formulari i et respondrem al m\u00e9s aviat possible.<\/p>","protected":false},"author":6,"featured_media":0,"parent":0,"menu_order":0,"comment_status":"closed","ping_status":"closed","template":"page-contactar.php","meta":{"_acf_changed":false,"footnotes":""},"class_list":["post-865","page","type-page","status-publish","hentry"],"acf":[],"_links":{"self":[{"href":"https:\/\/fundacionsferrer.awspreferrer.com\/en\/wp-json\/wp\/v2\/pages\/865","targetHints":{"allow":["GET"]}}],"collection":[{"href":"https:\/\/fundacionsferrer.awspreferrer.com\/en\/wp-json\/wp\/v2\/pages"}],"about":[{"href":"https:\/\/fundacionsferrer.awspreferrer.com\/en\/wp-json\/wp\/v2\/types\/page"}],"author":[{"embeddable":true,"href":"https:\/\/fundacionsferrer.awspreferrer.com\/en\/wp-json\/wp\/v2\/users\/6"}],"replies":[{"embeddable":true,"href":"https:\/\/fundacionsferrer.awspreferrer.com\/en\/wp-json\/wp\/v2\/comments?post=865"}],"version-history":[{"count":3,"href":"https:\/\/fundacionsferrer.awspreferrer.com\/en\/wp-json\/wp\/v2\/pages\/865\/revisions"}],"predecessor-version":[{"id":1101,"href":"https:\/\/fundacionsferrer.awspreferrer.com\/en\/wp-json\/wp\/v2\/pages\/865\/revisions\/1101"}],"wp:attachment":[{"href":"https:\/\/fundacionsferrer.awspreferrer.com\/en\/wp-json\/wp\/v2\/media?parent=865"}],"curies":[{"name":"wp","href":"https:\/\/api.w.org\/{rel}","templated":true}]}}