{"id":733,"date":"2025-10-30T12:08:35","date_gmt":"2025-10-30T10:08:35","guid":{"rendered":"http:\/\/fundacionsferrer.awspreferrer.com\/?page_id=733"},"modified":"2026-04-09T10:36:59","modified_gmt":"2026-04-09T08:36:59","slug":"ferrer-foundations","status":"publish","type":"page","link":"https:\/\/fundacionsferrer.awspreferrer.com\/en\/fundacions-ferrer\/","title":{"rendered":"Ferrer Foundations"},"content":{"rendered":"<p style=\"font-weight: 400;\">What <strong>Ferrer Foundations<\/strong> <strong>Five organisations promoting the socialisation of wealth<\/strong>, with the aim of returning it where it belongs: the social fabric that has allowed it to be generated. We work for the <strong>eco-social justice<\/strong>, through projects that foster equal opportunities and drive creation, knowledge, and critical thinking across fields such as agriculture, music, literature, education, human rights, and sport.<\/p>\n<p style=\"font-weight: 400;\">The Ferrer Foundations are born from the firm commitment of the pharmaceutical company <strong>Ferrer, a B Corp company whose purpose is to use its business to fight for social justice<\/strong> i destina, cada any, entorn del 50% dels seus beneficis a causes socials i ambientals. L\u2019esfor\u00e7 i implicaci\u00f3 de les 1.800 persones de Ferrer fan possible la tasca de les Fundacions Ferrer.<\/p>","protected":false},"excerpt":{"rendered":"<p>Les Fundacions Ferrer som cinc organitzacions que promovem la socialitzaci\u00f3 de la riquesa, amb l\u2019objectiu de retornar-la all\u00e0 on correspon: el teixit social que ha perm\u00e8s generar-la. Treballem per la just\u00edcia ecosocial, a trav\u00e9s de projectes que faciliten la igualtat d\u2019oportunitats i impulsen la creaci\u00f3, el coneixement i el pensament cr\u00edtic des d\u2019\u00e0mbits com l&#8217;agricultura, [&hellip;]<\/p>\n","protected":false},"author":6,"featured_media":0,"parent":0,"menu_order":0,"comment_status":"closed","ping_status":"closed","template":"page-nosaltres.php","meta":{"_acf_changed":false,"footnotes":""},"class_list":["post-733","page","type-page","status-publish","hentry"],"acf":[],"_links":{"self":[{"href":"https:\/\/fundacionsferrer.awspreferrer.com\/en\/wp-json\/wp\/v2\/pages\/733","targetHints":{"allow":["GET"]}}],"collection":[{"href":"https:\/\/fundacionsferrer.awspreferrer.com\/en\/wp-json\/wp\/v2\/pages"}],"about":[{"href":"https:\/\/fundacionsferrer.awspreferrer.com\/en\/wp-json\/wp\/v2\/types\/page"}],"author":[{"embeddable":true,"href":"https:\/\/fundacionsferrer.awspreferrer.com\/en\/wp-json\/wp\/v2\/users\/6"}],"replies":[{"embeddable":true,"href":"https:\/\/fundacionsferrer.awspreferrer.com\/en\/wp-json\/wp\/v2\/comments?post=733"}],"version-history":[{"count":88,"href":"https:\/\/fundacionsferrer.awspreferrer.com\/en\/wp-json\/wp\/v2\/pages\/733\/revisions"}],"predecessor-version":[{"id":1283,"href":"https:\/\/fundacionsferrer.awspreferrer.com\/en\/wp-json\/wp\/v2\/pages\/733\/revisions\/1283"}],"wp:attachment":[{"href":"https:\/\/fundacionsferrer.awspreferrer.com\/en\/wp-json\/wp\/v2\/media?parent=733"}],"curies":[{"name":"wp","href":"https:\/\/api.w.org\/{rel}","templated":true}]}}