{"id":681,"date":"2025-10-27T11:04:27","date_gmt":"2025-10-27T09:04:27","guid":{"rendered":"http:\/\/fundacionsferrer.awspreferrer.com\/?page_id=681"},"modified":"2026-04-09T10:23:51","modified_gmt":"2026-04-09T08:23:51","slug":"fundacio-finestres","status":"publish","type":"page","link":"https:\/\/fundacionsferrer.awspreferrer.com\/en\/fundacio-finestres\/","title":{"rendered":"Fundaci\u00f3 Finestres"},"content":{"rendered":"<p>The<strong> Fundaci\u00f3 Finestres<\/strong> is a unique cultural ecosystem that promotes literary culture and covers the entire journey of the book: from inspiration and creation to publishing, dissemination and shared reading. With the aim of promoting literary culture \u2014from the conviction that it is a powerful tool for generating knowledge, awareness and critical thinking in the turbulent world we live in\u2014, the Foundation places special emphasis on narrative, essay and comics, and is actively involved in the entire value chain surrounding the book: it promotes reading, organizes awards and scholarships, supports independent initiatives, offers spaces for creation and is part of the publishing fabric.<\/p>","protected":false},"excerpt":{"rendered":"<p>La Fundaci\u00f3 Finestres \u00e9s un ecosistema cultural \u00fanic que impulsa la cultura liter\u00e0ria i el recorrent tot el cam\u00ed del llibre: des de la inspiraci\u00f3 i la creaci\u00f3 fins a l\u2019edici\u00f3, la difusi\u00f3 i la lectura compartida. Amb l\u2019objectiu de promoure la cultura liter\u00e0ria \u2014des del convenciment que \u00e9s una poderosa eina per generar coneixement, [&hellip;]<\/p>\n","protected":false},"author":6,"featured_media":0,"parent":0,"menu_order":0,"comment_status":"closed","ping_status":"closed","template":"page-fundacions.php","meta":{"_acf_changed":false,"footnotes":""},"class_list":["post-681","page","type-page","status-publish","hentry"],"acf":[],"_links":{"self":[{"href":"https:\/\/fundacionsferrer.awspreferrer.com\/en\/wp-json\/wp\/v2\/pages\/681","targetHints":{"allow":["GET"]}}],"collection":[{"href":"https:\/\/fundacionsferrer.awspreferrer.com\/en\/wp-json\/wp\/v2\/pages"}],"about":[{"href":"https:\/\/fundacionsferrer.awspreferrer.com\/en\/wp-json\/wp\/v2\/types\/page"}],"author":[{"embeddable":true,"href":"https:\/\/fundacionsferrer.awspreferrer.com\/en\/wp-json\/wp\/v2\/users\/6"}],"replies":[{"embeddable":true,"href":"https:\/\/fundacionsferrer.awspreferrer.com\/en\/wp-json\/wp\/v2\/comments?post=681"}],"version-history":[{"count":36,"href":"https:\/\/fundacionsferrer.awspreferrer.com\/en\/wp-json\/wp\/v2\/pages\/681\/revisions"}],"predecessor-version":[{"id":1281,"href":"https:\/\/fundacionsferrer.awspreferrer.com\/en\/wp-json\/wp\/v2\/pages\/681\/revisions\/1281"}],"wp:attachment":[{"href":"https:\/\/fundacionsferrer.awspreferrer.com\/en\/wp-json\/wp\/v2\/media?parent=681"}],"curies":[{"name":"wp","href":"https:\/\/api.w.org\/{rel}","templated":true}]}}