{"id":654,"date":"2025-09-26T09:21:07","date_gmt":"2025-09-26T07:21:07","guid":{"rendered":"http:\/\/fundacionsferrer.awspreferrer.com\/?page_id=654"},"modified":"2026-04-09T10:44:03","modified_gmt":"2026-04-09T08:44:03","slug":"inici","status":"publish","type":"page","link":"https:\/\/fundacionsferrer.awspreferrer.com\/en\/","title":{"rendered":"Home"},"content":{"rendered":"<p>Five foundations working towards the same goal:<strong> promote ecosocial justice.<\/strong> Our primary foundation lies in returning wealth to where it belongs: the social fabric that has enabled its creation. We do this by fostering knowledge, critical thinking, and generating new opportunities that allow us to move towards a more equitable and inclusive future scenario, specifically within the fields of agriculture, literature, music, education, human rights, and sport.<\/p>\n<p>Neixem de Ferrer, a B Corp company that understands that business must be part of the solution, and that dedicates each year close to <strong>50% of its profits<\/strong> causes social and environmental impacts, thanks to the drive of its 1,800 people.<\/p>\n<p data-start=\"112\" data-end=\"380\">","protected":false},"excerpt":{"rendered":"<p>Som cinc fundacions treballant amb un mateix objectiu: promoure la just\u00edcia ecosocial. El nostre fonament principal recau en retornar la riquesa all\u00e0 on pertany: el teixit social que ha perm\u00e8s generar-la. Ho fem fomentant el coneixement, el pensament cr\u00edtic i generant noves oportunitats que permetin avan\u00e7ar cap a un escenari de futur m\u00e9s equitatiu i [&hellip;]<\/p>\n","protected":false},"author":6,"featured_media":0,"parent":0,"menu_order":0,"comment_status":"closed","ping_status":"closed","template":"","meta":{"_acf_changed":false,"footnotes":""},"class_list":["post-654","page","type-page","status-publish","hentry"],"acf":[],"_links":{"self":[{"href":"https:\/\/fundacionsferrer.awspreferrer.com\/en\/wp-json\/wp\/v2\/pages\/654","targetHints":{"allow":["GET"]}}],"collection":[{"href":"https:\/\/fundacionsferrer.awspreferrer.com\/en\/wp-json\/wp\/v2\/pages"}],"about":[{"href":"https:\/\/fundacionsferrer.awspreferrer.com\/en\/wp-json\/wp\/v2\/types\/page"}],"author":[{"embeddable":true,"href":"https:\/\/fundacionsferrer.awspreferrer.com\/en\/wp-json\/wp\/v2\/users\/6"}],"replies":[{"embeddable":true,"href":"https:\/\/fundacionsferrer.awspreferrer.com\/en\/wp-json\/wp\/v2\/comments?post=654"}],"version-history":[{"count":24,"href":"https:\/\/fundacionsferrer.awspreferrer.com\/en\/wp-json\/wp\/v2\/pages\/654\/revisions"}],"predecessor-version":[{"id":1285,"href":"https:\/\/fundacionsferrer.awspreferrer.com\/en\/wp-json\/wp\/v2\/pages\/654\/revisions\/1285"}],"wp:attachment":[{"href":"https:\/\/fundacionsferrer.awspreferrer.com\/en\/wp-json\/wp\/v2\/media?parent=654"}],"curies":[{"name":"wp","href":"https:\/\/api.w.org\/{rel}","templated":true}]}}