{"id":1129,"date":"2025-12-19T11:41:23","date_gmt":"2025-12-19T09:41:23","guid":{"rendered":"https:\/\/fundacionsferrer.awspreferrer.com\/?page_id=1129"},"modified":"2025-12-19T11:41:23","modified_gmt":"2025-12-19T09:41:23","slug":"avis-legal-i-condicions-dus","status":"publish","type":"page","link":"https:\/\/fundacionsferrer.awspreferrer.com\/en\/avis-legal-i-condicions-dus\/","title":{"rendered":"Av\u00eds legal i condicions d&#8217;\u00fas"},"content":{"rendered":"<p>Aquest av\u00eds legal i condicions d\u2019\u00fas (d\u2019ara endavant, \u201cl\u2019Av\u00eds legal i condicions d\u2019\u00fas\u201d) regeixen l\u2019acc\u00e9s i la utilitzaci\u00f3 del lloc web accessible mitjan\u00e7ant el nom de domini https:\/\/fundacioferrersocialjustice.org o algun dels seus altres dominis o subdominis (d\u2019ara endavant, \u201cel lloc web\u201d) dels quals sigui titular Fundaci\u00f3 Ferrer Social Justice (d\u2019ara endavant, \u201cFundaci\u00f3 Ferrer\u201d).<\/p>\n<p>L\u2019acc\u00e9s al lloc web atribueix, a qui ho fa, la condici\u00f3 d\u2019usuari del lloc web (d\u2019ara endavant, \u201cl\u2019Usuari\u201d) i implica que l\u2019Usuari coneix tots els termes previstos a continuaci\u00f3. En cas que no estigui d\u2019acord amb aquest Av\u00eds legal i condicions d\u2019\u00fas, li demanem que no faci \u00fas del lloc web.<\/p>\n<p>Recomanem que l\u2019usuari llegeixi atentament aquest Av\u00eds legal i condicions d\u2019\u00fas cada vegada que accedeixi al lloc web, ja que pot patir modificacions, perqu\u00e8 el titular d\u2019aquest lloc web es reserva la facultat de realitzar, en qualsevol moment i sense necessitat de preav\u00eds, qualsevol modificaci\u00f3 o actualitzaci\u00f3 dels seus continguts i serveis que consideri oportuna, d\u2019aquest Av\u00eds legal i condicions d\u2019\u00fas i, en general, dels elements que integren el disseny i la configuraci\u00f3 del lloc web.<\/p>\n<h2>1.\u00a0 Informaci\u00f3 general del lloc web<\/h2>\n<p>En compliment del que estableix l\u2019article 10 de la Llei 34\/2002, d\u201911 de juliol, de serveis de la societat de la informaci\u00f3 i de comer\u00e7 electr\u00f2nic, a continuaci\u00f3 s\u2019ofereix la informaci\u00f3 general del titular i responsable d\u2019aquest lloc web:<\/p>\n<p>Titular: Fundaci\u00f3 Ferrer Social Justice<\/p>\n<p>Domicili: Avinguda Diagonal, 549, 5a planta, 08029 Barcelona (Espanya) Adre\u00e7a de correu electr\u00f2nic: <a href=\"mailto:lopd@fundacionsferrer.org\">lopd@fundacionsferrer.org<\/a><\/p>\n<p>Tel\u00e8fon: 936 003 700 CIF: G67568147<\/p>\n<p>Dades registrals: Registre de Fundacions de la Generalitat de Catalunya, amb data 30 de mar\u00e7 de 2020 i amb el n\u00famero 3169.<\/p>\n<h2>2.\u00a0 Acc\u00e9s i funcionament del lloc web<\/h2>\n<p><strong>1. Normes d\u2019utilitzaci\u00f3 del Lloc<\/strong><\/p>\n<p>L\u2019Usuari s\u2019obliga a utilitzar el lloc web i tot el seu contingut i serveis conforme al que estableix la llei, la moral, l\u2019ordre p\u00fablic i aquest Av\u00eds Legal i condicions d\u2019\u00fas. Aix\u00ed mateix, s\u2019obliga a fer un \u00fas adequat dels serveis i\/o continguts del lloc web i a no fer-los servir per realitzar activitats il\u00b7l\u00edcites o constitutives de delicte, que<\/p>\n<p>atemptin contra els drets de tercers i\/o que infringeixin la regulaci\u00f3 sobre propietat intel\u00b7lectual i industrial, o qualssevol altres normes de l\u2019ordenament jur\u00eddic aplicable. L\u2019Usuari s\u2019obliga a no transmetre, introduir, difondre ni posar a<\/p>\n<p>disposici\u00f3 de tercers cap tipus de material i informaci\u00f3 (dades, continguts, missatges, dibuixos, arxius de so i imatge, fotografies, programari, etc.) que siguin contraris a la llei, la moral, l\u2019ordre p\u00fablic i aquest Av\u00eds legal i condicions d\u2019\u00fas. A t\u00edtol enunciatiu, i en cap cas limitatiu o excloent, l\u2019usuari es compromet a:<\/p>\n<p>L\u2019Usuari s\u2019obliga a no transmetre, introduir, difondre ni posar a disposici\u00f3 de tercers cap tipus de material i informaci\u00f3 (dades, continguts, missatges, dibuixos, arxius de so i imatge, fotografies, programari, etc.) que siguin contraris a la llei, la moral, l\u2019ordre p\u00fablic i aquest Av\u00eds legal i condicions d\u2019\u00fas. A t\u00edtol enunciatiu, i en cap cas limitatiu o excloent, l\u2019usuari es compromet a:<\/p>\n<ol>\n<li>No introduir ni difondre continguts o propaganda de car\u00e0cter racista, xen\u00f2fob o pornogr\u00e0fic, d\u2019apologia del terrorisme o que atemptin contra els drets<\/li>\n<li>No introduir ni difondre a la xarxa programes de dades (virus i programari nociu) susceptibles de provocar danys en els sistemes inform\u00e0tics del prove\u00efdor d\u2019acc\u00e9s, els seus prove\u00efdors o tercers usuaris de la xarxa<\/li>\n<li>No difondre, transmetre ni posar a disposici\u00f3 de tercers cap tipus d\u2019informaci\u00f3, element o contingut que atempti contra els drets fonamentals i les llibertats p\u00fabliques reconegudes constitucionalment i en els tractats<\/li>\n<li>No difondre, transmetre ni posar a disposici\u00f3 de tercers cap tipus d\u2019informaci\u00f3, element o contingut que constitueixi publicitat ill\u00edcita o deslleial.<\/li>\n<li>No transmetre publicitat no sollicitada o autoritzada, material publicitari, \u201ccorreu brossa\u201d, \u201ccartes en cadena\u201d, \u201cestructures piramidals\u201d ni cap altra forma de sol\u00b7licitud, excepte en aquelles \u00e0rees (com ara espais comercials) que hagin estat exclusivament concebudes amb aquesta finalitat.<\/li>\n<li>No introduir ni difondre cap informaci\u00f3 o continguts falsos, ambigus o inexactes de manera que indueixin a error als receptors de la informaci\u00f3.<\/li>\n<li>No difondre, transmetre ni posar a disposici\u00f3 de tercers cap tipus d\u2019informaci\u00f3, element o contingut que suposi una violaci\u00f3 dels drets de propietat intel\u00b7lectual i industrial, patents, marques o copyright que corresponguin als titulars del lloc web o a tercers.<\/li>\n<li>No difondre, transmetre ni posar a disposici\u00f3 de tercers cap tipus d\u2019informaci\u00f3, element o contingut que suposi una violaci\u00f3 del secret de les comunicacions i la legislaci\u00f3 de dades de car\u00e0cter personal.<\/li>\n<li>No inc\u00f3rrer en activitats ill\u00edcites, il\u00b7legals o contr\u00e0ries a la bona fe i a l\u2019ordre p\u00fablic.<\/li>\n<\/ol>\n<p>L\u2019Usuari s\u2019obliga a mantenir Fundaci\u00f3 Ferrer indemne davant de qualsevol possible reclamaci\u00f3, multa, pena o sanci\u00f3 que pugui estar obligada a suportar com a conseq\u00fc\u00e8ncia de l\u2019incompliment, per part de l\u2019Usuari, de qualsevol de les normes d\u2019utilitzaci\u00f3 esmentades anteriorment. Fundaci\u00f3 Ferrer es reserva el dret a sol\u00b7licitar indemnitzaci\u00f3 pels danys i perjudicis que corresponguin.<\/p>\n<h2>2. Responsabilitat<\/h2>\n<p><strong>a) Responsabilitat per l\u2019\u00fas del lloc web: <\/strong>L\u2019Usuari \u00e9s l\u2019\u00fanic responsable de les infraccions en qu\u00e8 pugui inc\u00f3rrer o dels perjudicis que pugui causar per la utilitzaci\u00f3 del lloc web, i Fundaci\u00f3 Ferrer queda exonerat de tot tipus de responsabilitat que es pogu\u00e9s derivar de les accions de l\u2019Usuari.<\/p>\n<p>Fundaci\u00f3 Ferrer far\u00e0 tots els esfor\u00e7os i utilitzar\u00e0 tots els mitjans raonables per facilitar informaci\u00f3 actualitzada i fefaent al lloc web. No obstant aix\u00f2, Fundaci\u00f3 Ferrer no assumeix cap garantia en relaci\u00f3 amb la pres\u00e8ncia d\u2019errors o possibles inexactituds i\/o omissions en cap dels continguts accessibles a trav\u00e9s d\u2019aquest lloc web.<\/p>\n<p>L\u2019Usuari \u00e9s l\u2019\u00fanic responsable de qualsevol reclamaci\u00f3 o acci\u00f3 legal, judicial o extrajudicial iniciada per terceres persones contra Fundaci\u00f3 Ferrer basada en la utilitzaci\u00f3 del lloc web per part de l\u2019Usuari. Si \u00e9s el cas, l\u2019Usuari assumir\u00e0 les despeses, els costos i les indemnitzacions que s\u2019irroguin a Fundaci\u00f3 Ferrer amb motiu de les reclamacions o accions legals.<\/p>\n<p><strong>b) Responsabilitat pel funcionament del lloc web: <\/strong>L\u2019acc\u00e9s de l\u2019Usuari al lloc web no implica per a Fundaci\u00f3 Ferrer l\u2019obligaci\u00f3 de controlar l\u2019abs\u00e8ncia de virus o qualsevol altre element inform\u00e0tic Correspon a l\u2019Usuari, en tot cas, disposar de les eines adequades per detectar i desinfectar programes inform\u00e0tics nocius.<\/p>\n<p>Fundaci\u00f3 Ferrer no es responsabilitza dels danys produ\u00efts al programari i als equips inform\u00e0tics de l\u2019Usuari o de tercers durant la utilitzaci\u00f3 dels serveis oferts al lloc web.<\/p>\n<p>Fundaci\u00f3 Ferrer no es responsabilitza dels danys o perjudicis de cap tipus produ\u00efts a l\u2019Usuari provocats per fallades o desconnexions de les xarxes de telecomunicacions que produeixin la suspensi\u00f3, cancel\u00b7laci\u00f3 o interrupci\u00f3 del servei del lloc web durant la prestaci\u00f3 del mateix servei o amb car\u00e0cter previ. \u00c9s a dir, Fundaci\u00f3 Ferrer exclou tota responsabilitat que es pugui derivar d\u2019interfer\u00e8ncies, omissions, interrupcions, virus inform\u00e0tics, avaries telef\u00f2niques o desconnexions en el funcionament operatiu del sistema electr\u00f2nic.<\/p>\n<p>Aix\u00ed mateix, tamb\u00e9 s\u2019exclou qualsevol responsabilitat que es pugui derivar per retards o bloquejos en el funcionament operatiu d\u2019aquest sistema electr\u00f2nic causats per defici\u00e8ncies o sobrec\u00e0rrega en les l\u00ednies telef\u00f2niques o a Internet, aix\u00ed com per danys causats per terceres persones mitjan\u00e7ant intromissions il\u00b7leg\u00edtimes fora del control de Fundaci\u00f3 Ferrer.<\/p>\n<p>Fundaci\u00f3 Ferrer est\u00e0 facultat per suspendre temporalment, i sense previ av\u00eds, l\u2019acc\u00e9s al lloc web amb motiu d\u2019operacions de manteniment, reparaci\u00f3, actualitzaci\u00f3 o millora.<\/p>\n<p><strong>c) Responsabilitat per contingut<\/strong>: Fundaci\u00f3 Ferrer no es far\u00e0 responsable, tret d\u2019aquells casos als quals obligui la llei, dels danys o perjudicis que es puguin ocasionar per l\u2019\u00fas, la reproducci\u00f3, la distribuci\u00f3 o la comunicaci\u00f3 p\u00fablica, o qualsevol tipus d\u2019activitat que faci sobre ells, dels textos i\/o fotografies que es trobin protegits per drets de propietat intel\u00b7lectual pertanyents a tercers, sense que l\u2019Usuari hagi obtingut pr\u00e8viament dels seus titulars l\u2019autoritzaci\u00f3 necess\u00e0ria per dur a terme l\u2019\u00fas que fa o pret\u00e9n fer.<\/p>\n<p>D\u2019altra banda, Fundaci\u00f3 Ferrer no ser\u00e0 responsable de la informaci\u00f3 enviada per l\u2019Usuari. En el moment que Fundaci\u00f3 Ferrer tingui esment efectiu que allotja dades no precises o incorrectes, es comprometr\u00e0 a actuar amb dilig\u00e8ncia per retirar-les o fer-hi impossible l\u2019acc\u00e9s. L\u2019Usuari assumeix que, en cas de prendre decisions sobre la base de la informaci\u00f3 subministrada al lloc web, la responsabilitat ser\u00e0 exclusivament seva, i no podr\u00e0 presentar cap reclamaci\u00f3 a Fundaci\u00f3 Ferrer per les conseq\u00fc\u00e8ncies de les decisions preses.<\/p>\n<p>Pel que fa a les informacions i els continguts relacionats amb la salut, aquests es proporcionen amb fins informatius i Fundaci\u00f3 Ferrer recomana a l\u2019Usuari que actu\u00ef sempre d\u2019acord amb assessorament m\u00e8dic professional.<\/p>\n<h2>3.\u00a0 Continguts i serveis enlla\u00e7ats a trav\u00e9s del Lloc Web<\/h2>\n<p>El servei d\u2019acc\u00e9s al lloc web pot incloure dispositius t\u00e8cnics d\u2019enlla\u00e7, directoris i, fins i tot, instruments de cerca que permeten a l\u2019Usuari accedir a altres p\u00e0gines i portals d\u2019Internet (d\u2019ara endavant, \u201c<strong>Llocs enlla\u00e7ats<\/strong>\u201d). En cas que l\u2019Usuari consideri que hi ha un Lloc enlla\u00e7at amb continguts il\u00b7l\u00edcits o inadequats, podr\u00e0 comunicar-ho a Fundaci\u00f3 Ferrer, sense que en cap cas aquesta comunicaci\u00f3 comporti l\u2019obligaci\u00f3 de retirar l\u2019enlla\u00e7 corresponent.<\/p>\n<p>L\u2019exist\u00e8ncia de Llocs enlla\u00e7ats no pressuposar\u00e0 en cap cas la formalitzaci\u00f3 d\u2019acords amb els seus responsables o titulars, ni la recomanaci\u00f3, promoci\u00f3 o identificaci\u00f3 de Fundaci\u00f3 Ferrer amb les manifestacions, continguts o serveis que s\u2019hi proporcionen.<\/p>\n<p>Aquest lloc web pot incloure enlla\u00e7os de p\u00e0gines web de tercers que permetin a l\u2019Usuari accedir-hi. No obstant aix\u00f2, Fundaci\u00f3 Ferrer no es fa responsable del contingut d\u2019aquestes p\u00e0gines web enlla\u00e7ades, sin\u00f3 que ser\u00e0 l\u2019Usuari l\u2019encarregat d\u2019acceptar i comprovar els accessos cada vegada que hi accedeixi. Aquest Av\u00eds legal i condicions d\u2019\u00fas es refereix \u00fanicament a aquest lloc web i continguts de Fundaci\u00f3 Ferrer i en cap cas no s\u2019aplica als enlla\u00e7os o a les p\u00e0gines web de tercers accessibles a trav\u00e9s del lloc web.<\/p>\n<p>D\u2019altra banda, els tercers que tinguin la intenci\u00f3 d\u2019incloure a la seva p\u00e0gina web un enlla\u00e7 d\u2019aquest lloc web hauran de complir amb la legislaci\u00f3 vigent i no podran allotjar continguts que siguin inapropiats i\/o il\u00b7l\u00edcits. Fundaci\u00f3 Ferrer no es fa responsable del contingut del lloc web del tercer, ni en promou, garanteix, supervisa o recomana els continguts. En cas que la p\u00e0gina web enlla\u00e7ant incompleixi algun dels aspectes anteriors, estar\u00e0 obligada a suprimir l\u2019enlla\u00e7 de manera immediata.<\/p>\n<h2>4.\u00a0 Propietat intel\u00b7lectual i industrial<\/h2>\n<p>Tots els continguts del lloc web, entenent per aquests, a t\u00edtol merament enunciatiu, que no limitatiu, els textos, fotografies, gr\u00e0fics, imatges, icones, tecnologia, programari, enlla\u00e7os i altres continguts audiovisuals o sonors, aix\u00ed com el disseny gr\u00e0fic i els codis font i altres elements que apareixen al lloc web, tenen com a titular exclusiu Fundaci\u00f3 Ferrer o b\u00e9 tercers que ens han autoritzat degudament a utilitzar-los. De la mateixa manera, tots els noms comercials, marques o signes distintius de qualsevol tipus continguts al lloc web estan protegits per la normativa aplicable.<\/p>\n<p>Fundaci\u00f3 Ferrer no concedeix cap tipus de llic\u00e8ncia o autoritzaci\u00f3 d\u2019\u00fas personal a l\u2019Usuari sobre els seus drets de propietat intel\u00b7lectual i industrial, ni sobre cap altre dret relacionat amb el seu lloc web i els serveis que s\u2019hi ofereixen.<\/p>\n<p>Per aix\u00f2, l\u2019Usuari reconeix que la reproducci\u00f3, distribuci\u00f3, comercialitzaci\u00f3, transformaci\u00f3 i, en general, qualsevol altra forma d\u2019explotaci\u00f3, per qualsevol procediment, de tots o part dels continguts d\u2019aquest lloc web, constitueixen una infracci\u00f3 dels drets de propietat intel\u00b7lectual i\/o industrial de Fundaci\u00f3 Ferrer o del seu titular.<\/p>\n<h2>3.\u00a0 Publicitat<\/h2>\n<p>Al lloc web es podran allotjar continguts publicitaris o patrocinats. Els anunciants o patrocinadors s\u00f3n els \u00fanics responsables d\u2019assegurar-se que el material rem\u00e8s per ser incl\u00f2s al lloc web compleix amb les lleis que en cada cas siguin aplicables.<\/p>\n<p>Fundaci\u00f3 Ferrer no ser\u00e0 considerat responsable de cap error, inexactitud o irregularitat que puguin incloure els continguts publicitaris dels patrocinadors; i, en tot cas, per interposar qualsevol reclamaci\u00f3 relacionada amb els continguts publicitaris inserits en aquest lloc web, es poden posar en contacte amb Fundaci\u00f3 Ferrer a trav\u00e9s dels mitjans indicats a l\u2019inici.<\/p>\n<h2>4.\u00a0 Usuaris internacionals<\/h2>\n<p>El lloc web \u00e9s controlat, explotat i actualitzat a Espanya per Fundaci\u00f3 Ferrer.<\/p>\n<p>Fundaci\u00f3 Ferrer no garanteix que les dades del lloc web siguin correctes o que estiguin disponibles en altres territoris o ubicacions. Tampoc no garanteix que els productes i serveis que s\u2019ofereixen a trav\u00e9s del lloc web estiguin disponibles en altres territoris amb la mateixa presentaci\u00f3 o marca, en les mateixes mides ni en les mateixes condicions<\/p>\n<p>Els productes als quals es fa refer\u00e8ncia al lloc web poden estar subjectes a diferents controls depenent del pa\u00eds d\u2019\u00fas. La informaci\u00f3 sobre aquests productes pot variar segons el pa\u00eds. Els usuaris del lloc web han de consultar, amb els seus respectius serveis, a metges locals i a les autoritats reguladores quina \u00e9s la informaci\u00f3 adequada per al seu pa\u00eds.<\/p>\n<h2>5.\u00a0 Protecci\u00f3 de dades personals i cookies<\/h2>\n<p>A la pol\u00edtica de privacitat s\u2019inclou tota la informaci\u00f3 necess\u00e0ria per con\u00e8ixer el tractament que Fundaci\u00f3 Ferrer far\u00e0 de les dades personals que faciliti l\u2019Usuari mitjan\u00e7ant els diferents formularis ubicats en aquest lloc web. Li demanem que llegeixi atentament aquest text legal abans de facilitar-nos les seves dades personals.<\/p>\n<p>Respecte a l\u2019\u00fas de cookies i tecnologies similars, a la pol\u00edtica de cookies trobar\u00e0 tota la informaci\u00f3 sobre l\u2019\u00fas que Fundaci\u00f3 Ferrer i\/o tercers fan d\u2019aquestes tecnologies. En aquesta pol\u00edtica se l\u2019informar\u00e0 sobre la seva instal\u00b7laci\u00f3, i tamb\u00e9 sobre la possibilitat de configurar-les i\/o rebutjar-les.<\/p>\n<h2>6.\u00a0 Nul\u00b7litat i inefic\u00e0cia de les cl\u00e0usules<\/h2>\n<p>Si alguna cl\u00e0usula inclosa en aquest Av\u00eds legal i condicions d\u2019\u00fas fos declarada totalment o parcialment nul\u00b7la o inefica\u00e7, aquesta nul\u00b7litat o inefic\u00e0cia afectar\u00e0 \u00fanicament aquella disposici\u00f3 o la part que sigui nul\u00b7la o inefica\u00e7, i la resta de l\u2019Av\u00eds legal i condicions d\u2019\u00fas continuar\u00e0 en vigor, i aquesta disposici\u00f3, o la part que en result\u00e9s afectada, es considerar\u00e0 com a no inclosa.<\/p>\n<h2>7.\u00a0 Legislaci\u00f3 aplicable i jurisdicci\u00f3 competent<\/h2>\n<p>Aquest Av\u00eds legal i condicions d\u2019\u00fas es regir\u00e0 i s\u2019interpretar\u00e0 conforme a la legislaci\u00f3 espanyola.<\/p>\n<p>La resoluci\u00f3 de qualsevol conflicte que es pugui derivar de l\u2019acc\u00e9s al lloc web se sotmetr\u00e0 als jutjats o tribunals de la ciutat de Barcelona, tret que la llei estableixi una altra cosa.<\/p>\n<p>Fundaci\u00f3 Ferrer perseguir\u00e0 l\u2019incompliment d\u2019aquest Av\u00eds legal i condicions d\u2019\u00fas, aix\u00ed com qualsevol utilitzaci\u00f3 indeguda del lloc web, per a la qual cosa exercir\u00e0 totes les accions civils i\/o penals que li puguin correspondre i a les quals tingui dret.<\/p>\n<h2>8.\u00a0 Contacte<\/h2>\n<p>Per a qualsevol consulta o comentari sobre aquest Av\u00eds legal i condicions d\u2019\u00fas, pot posar-se en contacte amb nosaltres a trav\u00e9s del correu electr\u00f2nic<\/p>\n<p><a href=\"mailto:lopd@fundacionsferrer.org\">lopd@fundacionsferrer.org.<\/a><\/p>\n<p>Data d\u2019actualitzaci\u00f3: Novembre 2025<\/p>","protected":false},"excerpt":{"rendered":"<p>Aquest av\u00eds legal i condicions d\u2019\u00fas (d\u2019ara endavant, \u201cl\u2019Av\u00eds legal i condicions d\u2019\u00fas\u201d) regeixen l\u2019acc\u00e9s i la utilitzaci\u00f3 del lloc web accessible mitjan\u00e7ant el nom de domini https:\/\/fundacioferrersocialjustice.org o algun dels seus altres dominis o subdominis (d\u2019ara endavant, \u201cel lloc web\u201d) dels quals sigui titular Fundaci\u00f3 Ferrer Social Justice (d\u2019ara endavant, \u201cFundaci\u00f3 Ferrer\u201d). L\u2019acc\u00e9s al [&hellip;]<\/p>\n","protected":false},"author":6,"featured_media":0,"parent":0,"menu_order":0,"comment_status":"closed","ping_status":"closed","template":"","meta":{"_acf_changed":false,"footnotes":""},"class_list":["post-1129","page","type-page","status-publish","hentry"],"acf":[],"_links":{"self":[{"href":"https:\/\/fundacionsferrer.awspreferrer.com\/en\/wp-json\/wp\/v2\/pages\/1129","targetHints":{"allow":["GET"]}}],"collection":[{"href":"https:\/\/fundacionsferrer.awspreferrer.com\/en\/wp-json\/wp\/v2\/pages"}],"about":[{"href":"https:\/\/fundacionsferrer.awspreferrer.com\/en\/wp-json\/wp\/v2\/types\/page"}],"author":[{"embeddable":true,"href":"https:\/\/fundacionsferrer.awspreferrer.com\/en\/wp-json\/wp\/v2\/users\/6"}],"replies":[{"embeddable":true,"href":"https:\/\/fundacionsferrer.awspreferrer.com\/en\/wp-json\/wp\/v2\/comments?post=1129"}],"version-history":[{"count":1,"href":"https:\/\/fundacionsferrer.awspreferrer.com\/en\/wp-json\/wp\/v2\/pages\/1129\/revisions"}],"predecessor-version":[{"id":1130,"href":"https:\/\/fundacionsferrer.awspreferrer.com\/en\/wp-json\/wp\/v2\/pages\/1129\/revisions\/1130"}],"wp:attachment":[{"href":"https:\/\/fundacionsferrer.awspreferrer.com\/en\/wp-json\/wp\/v2\/media?parent=1129"}],"curies":[{"name":"wp","href":"https:\/\/api.w.org\/{rel}","templated":true}]}}